{"id":2339,"date":"2026-03-06T10:53:48","date_gmt":"2026-03-06T10:53:48","guid":{"rendered":"https:\/\/hd-design.at\/?page_id=2339"},"modified":"2026-03-06T13:49:59","modified_gmt":"2026-03-06T13:49:59","slug":"privacy-policy","status":"publish","type":"page","link":"https:\/\/hd-design.at\/de\/privacy-policy\/","title":{"rendered":"Datenschutzrichtlinie"},"content":{"rendered":"<div data-elementor-type=\"wp-page\" data-elementor-id=\"2339\" class=\"elementor elementor-2339\">\n\t\t\t\t<div class=\"elementor-element elementor-element-74ff09e e-con-full e-flex tmpcoder-jarallax-no tmpcoder-parallax-no tmpcoder-particle-no tmpcoder-sticky-section-no e-con e-parent\" data-id=\"74ff09e\" data-element_type=\"container\" data-e-type=\"container\">\n\t\t<div class=\"elementor-element elementor-element-188bfa1 e-flex e-con-boxed tmpcoder-jarallax-no tmpcoder-parallax-no tmpcoder-particle-no tmpcoder-sticky-section-no e-con e-child\" data-id=\"188bfa1\" data-element_type=\"container\" data-e-type=\"container\">\n\t\t\t\t\t<div class=\"e-con-inner\">\n\t\t\t\t<div class=\"elementor-element elementor-element-4af0070 elementor-widget elementor-widget-heading\" data-id=\"4af0070\" data-element_type=\"widget\" data-e-type=\"widget\" data-widget_type=\"heading.default\">\n\t\t\t\t\t<h2 class=\"elementor-heading-title elementor-size-default\">Datenschutzrichtlinie<\/h2>\t\t\t\t<\/div>\n\t\t\t\t<div class=\"elementor-element elementor-element-8c87e9a elementor-widget elementor-widget-text-editor\" data-id=\"8c87e9a\" data-element_type=\"widget\" data-e-type=\"widget\" data-widget_type=\"text-editor.default\">\n\t\t\t\t\t\t\t\t\t<h2>1. Datenschutz auf einen Blick<br \/>Allgemeine Informationen<\/h2><p>Die folgenden Informationen geben Ihnen einen kurzen \u00dcberblick dar\u00fcber, was mit Ihren personenbezogenen Daten geschieht, wenn Sie diese Website besuchen. Personenbezogene Daten sind alle Daten, die dazu verwendet werden k\u00f6nnen, Sie pers\u00f6nlich zu identifizieren. Ausf\u00fchrliche Informationen zum Datenschutz finden Sie in unserer Datenschutzerkl\u00e4rung weiter unten.<\/p><h3 class=\"translation-block\">Datenerfassung auf dieser Website<br>Wer ist f\u00fcr die Datenerfassung auf dieser Website verantwortlich?<\/h3><p>Die Datenverarbeitung auf dieser Website erfolgt durch den Websitebetreiber. Dessen Kontaktdaten finden Sie im Abschnitt \u201eAngaben zum Verantwortlichen\u201c dieser Datenschutzerkl\u00e4rung.<\/p><h3>Wie erfassen wir Ihre Daten?<\/h3><p>Zum einen werden Ihre Daten erfasst, wenn Sie sie uns \u00fcbermitteln. Dies k\u00f6nnen beispielsweise Daten sein, die Sie in ein Kontaktformular eingeben.<\/p><p>Weitere Daten werden beim Besuch unserer Website automatisch von unseren IT-Systemen erfasst, entweder automatisch oder mit Ihrer Einwilligung. Hierbei handelt es sich haupts\u00e4chlich um technische Daten (z. B. Internetbrowser, Betriebssystem oder Zeitpunkt des Seitenaufrufs). Diese Daten werden automatisch erfasst, sobald Sie auf diese Website zugreifen.<\/p><h3>Wof\u00fcr verwenden wir Ihre Daten?<\/h3><p>Einige Daten werden erhoben, um das ordnungsgem\u00e4\u00dfe Funktionieren der Website zu gew\u00e4hrleisten. Andere Daten k\u00f6nnen zur Analyse Ihres Nutzerverhaltens verwendet werden.<\/p><h3>Welche Rechte haben Sie in Bezug auf Ihre Daten?<\/h3><p>Sie haben jederzeit das Recht, unentgeltlich Auskunft \u00fcber Herkunft, Empf\u00e4nger und Zweck Ihrer gespeicherten personenbezogenen Daten zu erhalten. Sie haben au\u00dferdem das Recht, die Berichtigung oder L\u00f6schung dieser Daten zu verlangen. Wenn Sie in die Datenverarbeitung eingewilligt haben, k\u00f6nnen Sie diese Einwilligung jederzeit mit Wirkung f\u00fcr die Zukunft widerrufen. Dar\u00fcber hinaus haben Sie unter bestimmten Umst\u00e4nden das Recht, die Einschr\u00e4nkung der Verarbeitung Ihrer personenbezogenen Daten zu verlangen. Sie haben au\u00dferdem das Recht, eine Beschwerde bei der zust\u00e4ndigen Aufsichtsbeh\u00f6rde einzureichen.<\/p><p>Sie k\u00f6nnen sich jederzeit bez\u00fcglich dieser und anderer Fragen zum Datenschutz an uns wenden.<\/p><h3>Analysetools und Tools von Drittanbietern<\/h3><p>Beim Besuch dieser Website wird Ihr Surfverhalten m\u00f6glicherweise statistisch analysiert. Dies geschieht haupts\u00e4chlich mithilfe sogenannter Analyseprogramme. Ausf\u00fchrliche Informationen zu diesen Analyseprogrammen finden Sie in der folgenden Datenschutzerkl\u00e4rung.<\/p><h2>2. Hosting<\/h2><p>Wir hosten die Inhalte unserer Website bei folgendem Anbieter:<\/p><h3>Webflow<\/h3><p>Anbieter ist Webflow, Inc., 398 11th Street, 2nd Floor, San Francisco, CA 94103, USA (nachfolgend \u201eWebflow\u201c genannt). Beim Besuch unserer Website erfasst Webflow verschiedene Protokolldateien, darunter Ihre IP-Adresse.<\/p><p>Webflow ist ein Tool zum Erstellen und Hosten von Websites. Webflow speichert Cookies oder andere Erkennungstechnologien, die f\u00fcr die Anzeige der Seite, die Bereitstellung bestimmter Website-Funktionen und die Gew\u00e4hrleistung der Sicherheit erforderlich sind (essenzielle Cookies).<\/p><p>F\u00fcr n\u00e4here Informationen lesen Sie bitte die Datenschutzrichtlinie von Webflow: https:\/\/webflow.com\/legal\/eu-privacy-policy.<\/p><p>Die Nutzung von Webflow erfolgt auf Grundlage von Art. 6 Abs. 1 lit. f DSGVO. Wir haben ein berechtigtes Interesse daran, unsere Website so zuverl\u00e4ssig wie m\u00f6glich darzustellen. Sofern eine Einwilligung eingeholt wurde, erfolgt die Verarbeitung ausschlie\u00dflich auf Grundlage von Art. 6 Abs. 1 lit. a DSGVO und \u00a7 25 Abs. 1 TTDSG, soweit die Einwilligung die Speicherung von Cookies oder den Zugriff auf Informationen auf dem Endger\u00e4t des Nutzers (z. B. Ger\u00e4te-Fingerprinting) im Sinne des TTDSG umfasst. Die Einwilligung kann jederzeit widerrufen werden.<\/p><p>Daten\u00fcbermittlungen in die USA erfolgen auf Grundlage der Standardvertragsklauseln der EU-Kommission. Details finden Sie hier: https:\/\/webflow.com\/legal\/eu-privacy-policy.<\/p><h3>Datenverarbeitungsvereinbarung<\/h3><p>F\u00fcr die Nutzung des oben genannten Dienstes haben wir eine Vereinbarung zur Auftragsverarbeitung (AVV) abgeschlossen. Diese Vereinbarung ist nach Datenschutzrecht rechtlich erforderlich und gew\u00e4hrleistet, dass die personenbezogenen Daten unserer Website-Besucher ausschlie\u00dflich gem\u00e4\u00df unseren Weisungen und in \u00dcbereinstimmung mit der DSGVO verarbeitet werden.<\/p><h2>3. Allgemeine Informationen und Offenlegungspflichten<\/h2><h3>Datenschutz<\/h3><p>Die Betreiber dieser Website nehmen den Schutz Ihrer pers\u00f6nlichen Daten sehr ernst. Wir behandeln Ihre personenbezogenen Daten vertraulich und gem\u00e4\u00df den gesetzlichen Datenschutzbestimmungen sowie dieser Datenschutzerkl\u00e4rung.<\/p><p>Bei der Nutzung dieser Website werden verschiedene personenbezogene Daten erhoben. Personenbezogene Daten sind Daten, die dazu verwendet werden k\u00f6nnen, Sie pers\u00f6nlich zu identifizieren. Diese Datenschutzerkl\u00e4rung erl\u00e4utert, welche Daten wir erheben und wof\u00fcr wir sie verwenden. Sie erkl\u00e4rt auch, wie und zu welchem \u200b\u200bZweck dies geschieht.<\/p><p>Bitte beachten Sie, dass die Daten\u00fcbertragung \u00fcber das Internet (z. B. bei der Kommunikation per E-Mail) Sicherheitsl\u00fccken aufweisen kann. Ein vollst\u00e4ndiger Schutz der Daten vor dem Zugriff durch Dritte ist nicht m\u00f6glich.<\/p><h3>Hinweis zum Verantwortlichen f\u00fcr die Datenverarbeitung<\/h3><p>Verantwortlicher f\u00fcr die Datenverarbeitung auf dieser Website ist:<\/p><p class=\"translation-block\">HDdesign<br>Inhaberin: Hanna Dashchenko<br>\u00d6sterreich<br>Wien 1190<br>Unterer Schreiberweg 27, Top 4<\/p><p>Phone: +436765473434<br \/>Email: info@hd-design.at<\/p><p>Der Datenverantwortliche ist die nat\u00fcrliche oder juristische Person, die allein oder gemeinsam mit anderen \u00fcber die Zwecke und Mittel der Verarbeitung personenbezogener Daten (z. B. Namen, E-Mail-Adressen usw.) entscheidet.<\/p><h3>Datenaufbewahrungsdauer<\/h3><p>Sofern in dieser Datenschutzerkl\u00e4rung keine spezifischere Aufbewahrungsfrist angegeben ist, bleiben Ihre personenbezogenen Daten so lange bei uns gespeichert, bis der Zweck der Datenverarbeitung entf\u00e4llt. Wenn Sie einen berechtigten Antrag auf L\u00f6schung stellen oder Ihre Einwilligung zur Datenverarbeitung widerrufen, werden Ihre Daten gel\u00f6scht, es sei denn, wir haben andere rechtliche Gr\u00fcnde f\u00fcr die Speicherung Ihrer personenbezogenen Daten (z. B. steuer- oder handelsrechtliche Aufbewahrungsfristen). In diesem Fall werden die Daten gel\u00f6scht, sobald diese Gr\u00fcnde nicht mehr zutreffen.<\/p><h3>Allgemeine Informationen zur Rechtsgrundlage der Datenverarbeitung auf dieser Website<\/h3><p>Wenn Sie in die Datenverarbeitung eingewilligt haben, verarbeiten wir Ihre personenbezogenen Daten auf Grundlage von Art. 6 Abs. 1 Buchst. a DSGVO bzw. Art. 9 Abs. 2 Buchst. a DSGVO, sofern besondere Kategorien personenbezogener Daten gem\u00e4\u00df Art. 9 Abs. 1 DSGVO verarbeitet werden. Bei ausdr\u00fccklicher Einwilligung zur \u00dcbermittlung personenbezogener Daten in Drittl\u00e4nder erfolgt die Datenverarbeitung zus\u00e4tzlich auf Grundlage von Art. 49 Abs. 1 Buchst. a DSGVO. Wenn Sie in die Speicherung von Cookies oder den Zugriff auf Informationen auf Ihrem Ger\u00e4t (z. B. per Device Fingerprinting) eingewilligt haben, erfolgt die Datenverarbeitung dar\u00fcber hinaus auf Grundlage von \u00a7 25 Abs. 1 TTDSG. Sie k\u00f6nnen Ihre Einwilligung jederzeit widerrufen. Sofern Ihre Daten f\u00fcr die Erf\u00fcllung eines Vertrags oder zur Durchf\u00fchrung vorvertraglicher Ma\u00dfnahmen erforderlich sind, verarbeiten wir Ihre Daten auf Grundlage von Art. 6 Abs. 1 Buchst. b DSGVO. Dar\u00fcber hinaus verarbeiten wir Ihre Daten, wenn dies zur Erf\u00fcllung einer rechtlichen Verpflichtung erforderlich ist, auf Grundlage von Art. 6 Abs. 1 Buchst. c DSGVO. Die Datenverarbeitung kann auch auf unserem berechtigten Interesse gem\u00e4\u00df Art. 6 Abs. 1 lit. f DSGVO beruhen. Die jeweils anwendbaren Rechtsgrundlagen werden in den folgenden Abschnitten dieser Datenschutzerkl\u00e4rung erl\u00e4utert.<\/p><h3>Hinweis zur Daten\u00fcbertragung in die USA und andere Drittl\u00e4nder<\/h3><p>Wir nutzen unter anderem Tools von Unternehmen mit Sitz in den USA oder anderen Drittl\u00e4ndern, die keinen angemessenen Datenschutz gew\u00e4hrleisten. Wenn diese Tools aktiv sind, k\u00f6nnen Ihre personenbezogenen Daten in diese Drittl\u00e4nder \u00fcbertragen und dort verarbeitet werden. Wir weisen darauf hin, dass in diesen L\u00e4ndern kein mit der EU vergleichbares Datenschutzniveau gew\u00e4hrleistet werden kann. Beispielsweise sind US-Unternehmen verpflichtet, personenbezogene Daten an Sicherheitsbeh\u00f6rden weiterzugeben, ohne dass Sie als betroffene Person rechtliche Schritte einleiten k\u00f6nnen. Daher kann nicht ausgeschlossen werden, dass US-Beh\u00f6rden (z. B. Geheimdienste) Ihre auf US-Servern gespeicherten Daten zu \u00dcberwachungszwecken verarbeiten, analysieren und dauerhaft speichern. Wir haben keinen Einfluss auf diese Verarbeitungst\u00e4tigkeiten.<\/p><h3>Widerruf Ihrer Einwilligung zur Datenverarbeitung<\/h3><p>Viele Datenverarbeitungsvorg\u00e4nge sind nur mit Ihrer ausdr\u00fccklichen Einwilligung m\u00f6glich. Sie k\u00f6nnen Ihre Einwilligung jederzeit widerrufen. Die Rechtm\u00e4\u00dfigkeit der bis zum Widerruf erfolgten Datenverarbeitung bleibt vom Widerruf unber\u00fchrt.<\/p><h3>Recht auf Widerspruch gegen die Datenverarbeitung in besonderen F\u00e4llen und gegen Direktmarketing (Art. 21 DSGVO)<\/h3><p>Sofern die Datenverarbeitung auf Art. 6 Abs. 1 Buchst. e oder f DSGVO beruht, haben Sie das Recht, aus Gr\u00fcnden, die sich aus Ihrer besonderen Situation ergeben, jederzeit gegen die Verarbeitung Ihrer personenbezogenen Daten Widerspruch einzulegen; dies gilt auch f\u00fcr ein auf diese Bestimmungen gest\u00fctztes Profiling. Die jeweilige Rechtsgrundlage der Verarbeitung finden Sie in dieser Datenschutzerkl\u00e4rung. Legen Sie Widerspruch ein, werden wir Ihre personenbezogenen Daten nicht mehr verarbeiten, es sei denn, wir k\u00f6nnen zwingende schutzw\u00fcrdige Gr\u00fcnde f\u00fcr die Verarbeitung nachweisen, die Ihre Interessen, Rechte und Freiheiten \u00fcberwiegen, oder die Verarbeitung dient der Geltendmachung, Aus\u00fcbung oder Verteidigung von Rechtsanspr\u00fcchen (Widerspruch gem\u00e4\u00df Art. 21 Abs. 1 DSGVO).<\/p><p>Werden Ihre personenbezogenen Daten f\u00fcr Direktmarketingzwecke verarbeitet, haben Sie das Recht, jederzeit Widerspruch gegen die Verarbeitung Ihrer personenbezogenen Daten f\u00fcr solche Marketingzwecke einzulegen; dies gilt auch f\u00fcr das Profiling, soweit es mit diesem Direktmarketing in Zusammenhang steht. Legen Sie Widerspruch ein, werden Ihre personenbezogenen Daten nicht mehr f\u00fcr Direktmarketingzwecke verarbeitet (Widerspruch gem\u00e4\u00df Art. 21 Abs. 2 DSGVO).<\/p><p>\u2026 Recht auf Beschwerde bei der zust\u00e4ndigen Aufsichtsbeh\u00f6rde<\/p><p>Bei Verst\u00f6\u00dfen gegen die DSGVO haben Betroffene das Recht, Beschwerde bei einer Aufsichtsbeh\u00f6rde einzulegen, insbesondere in dem Mitgliedstaat ihres gew\u00f6hnlichen Aufenthalts, ihres Arbeitsplatzes oder des Orts des mutma\u00dflichen Versto\u00dfes. Dieses Beschwerderecht l\u00e4sst andere verwaltungsrechtliche oder gerichtliche Rechtsbehelfe unber\u00fchrt.<\/p><h3>Recht auf Daten\u00fcbertragbarkeit<\/h3><p>Sie haben das Recht, die Sie betreffenden personenbezogenen Daten, die Sie uns bereitgestellt haben, in einem strukturierten, g\u00e4ngigen und maschinenlesbaren Format zu erhalten und diese Daten ohne Behinderung durch uns an einen anderen Verantwortlichen zu \u00fcbermitteln, sofern die Verarbeitung auf einer Einwilligung gem\u00e4\u00df Artikel 6 Absatz 1 Buchstabe a oder Artikel 9 Absatz 2 Buchstabe a oder auf einem Vertrag gem\u00e4\u00df Artikel 6 Absatz 1 Buchstabe b beruht und die Verarbeitung mithilfe automatisierter Verfahren erfolgt. Soweit technisch m\u00f6glich, haben Sie auch das Recht, die personenbezogenen Daten direkt von uns an einen anderen Verantwortlichen \u00fcbermitteln zu lassen.<\/p><h3>Zugang, L\u00f6schung und Berichtigung<\/h3><p>Gem\u00e4\u00df den geltenden gesetzlichen Bestimmungen haben Sie jederzeit das Recht, unentgeltlich Auskunft \u00fcber Ihre gespeicherten personenbezogenen Daten, deren Herkunft und Empf\u00e4nger sowie den Zweck der Datenverarbeitung zu erhalten und gegebenenfalls das Recht auf Berichtigung oder L\u00f6schung dieser Daten. Sie k\u00f6nnen sich jederzeit diesbez\u00fcglich und bei weiteren Fragen zum Thema personenbezogene Daten an uns wenden.<\/p><h3>Recht auf Einschr\u00e4nkung der Verarbeitung<\/h3><p>Sie haben das Recht, die Einschr\u00e4nkung der Verarbeitung Ihrer personenbezogenen Daten zu verlangen. Sie k\u00f6nnen uns jederzeit kontaktieren, um dies zu beantragen. Das Recht auf Einschr\u00e4nkung der Verarbeitung besteht in folgenden F\u00e4llen:<\/p><p>Wenn Sie die Richtigkeit Ihrer bei uns gespeicherten personenbezogenen Daten bestreiten, ben\u00f6tigen wir in der Regel Zeit zur \u00dcberpr\u00fcfung. W\u00e4hrend der \u00dcberpr\u00fcfung haben Sie das Recht, die Einschr\u00e4nkung der Verarbeitung Ihrer personenbezogenen Daten zu verlangen.<\/p><p>Wenn die Verarbeitung Ihrer personenbezogenen Daten unrechtm\u00e4\u00dfig war\/ist, k\u00f6nnen Sie anstelle der L\u00f6schung die Einschr\u00e4nkung der Datenverarbeitung verlangen.<\/p><p>Wenn wir Ihre personenbezogenen Daten nicht mehr ben\u00f6tigen, Sie diese aber zur Geltendmachung, Aus\u00fcbung oder Verteidigung von Rechtsanspr\u00fcchen ben\u00f6tigen, haben Sie das Recht, anstelle der L\u00f6schung die Einschr\u00e4nkung der Verarbeitung Ihrer personenbezogenen Daten zu verlangen.<\/p><p>Wenn wir Ihre personenbezogenen Daten nicht mehr ben\u00f6tigen, Sie diese aber zur Geltendmachung, Aus\u00fcbung oder Verteidigung von Rechtsanspr\u00fcchen ben\u00f6tigen, haben Sie das Recht, anstelle der L\u00f6schung die Einschr\u00e4nkung der Verarbeitung Ihrer personenbezogenen Daten zu verlangen.<\/p><p>Wenn Sie die Verarbeitung Ihrer personenbezogenen Daten eingeschr\u00e4nkt haben, d\u00fcrfen diese Daten \u2013 abgesehen von ihrer Speicherung \u2013 nur mit Ihrer Einwilligung oder zur Geltendmachung, Aus\u00fcbung oder Verteidigung von Rechtsanspr\u00fcchen oder zum Schutz der Rechte einer anderen nat\u00fcrlichen oder juristischen Person oder aus Gr\u00fcnden eines wichtigen \u00f6ffentlichen Interesses der Europ\u00e4ischen Union oder eines Mitgliedstaats verarbeitet werden.<\/p><h3>SSL\/TLS-Verschl\u00fcsselung<\/h3><p>Diese Website verwendet aus Sicherheitsgr\u00fcnden und zum Schutz der \u00dcbertragung vertraulicher Informationen, wie beispielsweise Bestellungen oder Anfragen, die Sie an uns als Websitebetreiber senden, eine SSL\/TLS-Verschl\u00fcsselung. Sie erkennen eine verschl\u00fcsselte Verbindung daran, dass sich die Adresszeile Ihres Browsers von \u201ehttp:\/\/\u201c auf \u201ehttps:\/\/\u201c \u00e4ndert und ein Schloss-Symbol in der Adresszeile angezeigt wird.<\/p><p>Wenn die SSL\/TLS-Verschl\u00fcsselung aktiviert ist, k\u00f6nnen die Daten, die Sie an uns \u00fcbermitteln, nicht von Dritten gelesen werden.<\/p><h3>Einspruch gegen Werbe-E-Mails<\/h3><p>Wir widersprechen hiermit der Nutzung der im Impressum ver\u00f6ffentlichten Kontaktdaten zum Versand unerw\u00fcnschter Werbung und Informationsmaterialien. Die Betreiber dieser Website behalten sich ausdr\u00fccklich rechtliche Schritte im Falle unerw\u00fcnschter Werbung, wie z. B. Spam-E-Mails, vor.<\/p><h2>4. Datenerfassung auf dieser Website<br \/>Cookies<\/h2><p>Unsere Website verwendet sogenannte \u201eCookies\u201c. Cookies sind kleine Datenpakete, die Ihrem Ger\u00e4t keinen Schaden zuf\u00fcgen. Sie werden entweder tempor\u00e4r f\u00fcr die Dauer einer Sitzung (Sitzungs-Cookies) oder dauerhaft (persistente Cookies) auf Ihrem Ger\u00e4t gespeichert. Sitzungs-Cookies werden automatisch gel\u00f6scht, sobald Sie Ihren Browser schlie\u00dfen. Persistente Cookies bleiben auf Ihrem Ger\u00e4t gespeichert, bis Sie sie selbst l\u00f6schen oder bis sie automatisch von Ihrem Webbrowser gel\u00f6scht werden.<\/p><p>Cookies k\u00f6nnen von uns (Erstanbieter-Cookies) oder von Drittanbietern (sogenannte Drittanbieter-Cookies) stammen. Drittanbieter-Cookies erm\u00f6glichen die Integration bestimmter Dienste von Drittanbietern in Websites (z. B. Cookies zur Zahlungsabwicklung).<\/p><p>Cookies erf\u00fcllen verschiedene Funktionen. Viele Cookies sind technisch notwendig, da bestimmte Website-Funktionen ohne sie nicht funktionieren w\u00fcrden (z. B. die Warenkorbfunktion oder die Videowiedergabe). Andere Cookies k\u00f6nnen zur Analyse des Nutzerverhaltens oder f\u00fcr Werbezwecke verwendet werden.<\/p><p>Cookies, die f\u00fcr die Durchf\u00fchrung elektronischer Kommunikationsprozesse, die Bereitstellung bestimmter von Ihnen angeforderter Funktionen (z. B. der Warenkorbfunktion) oder die Optimierung der Website (z. B. Cookies zur Messung des Website-Traffics) erforderlich sind (essenzielle Cookies), werden auf Grundlage von Art. 6 Abs. 1 lit. f DSGVO gespeichert, sofern keine andere Rechtsgrundlage angegeben ist. Der Websitebetreiber hat ein berechtigtes Interesse an der Speicherung essenzieller Cookies, um die technisch einwandfreie und optimierte Bereitstellung seiner Dienste zu gew\u00e4hrleisten. Wurde Ihre Einwilligung zur Speicherung von Cookies und \u00e4hnlichen Erkennungstechnologien eingeholt, erfolgt die Verarbeitung ausschlie\u00dflich auf Grundlage dieser Einwilligung (Art. 6 Abs. 1 lit. a DSGVO und \u00a7 25 Abs. 1 TTDSG); diese Einwilligung kann jederzeit widerrufen werden.<\/p><p>Sie k\u00f6nnen Ihren Browser so konfigurieren, dass er Sie benachrichtigt, wenn Cookies gesetzt werden, und Cookies nur im Einzelfall zulassen, die Annahme von Cookies in bestimmten F\u00e4llen oder generell blockieren sowie Cookies beim Schlie\u00dfen des Browsers automatisch l\u00f6schen. Die Deaktivierung von Cookies kann die Funktionalit\u00e4t dieser Website einschr\u00e4nken.<\/p><p>In dieser Datenschutzerkl\u00e4rung finden Sie Informationen dar\u00fcber, welche Cookies und Dienste auf dieser Website verwendet werden.<\/p><h3>Serverprotokolldateien<\/h3><p>Der Website-Anbieter erfasst und speichert automatisch Informationen in Server-Logdateien, die Ihr Browser automatisch an uns \u00fcbermittelt. Zu diesen Informationen geh\u00f6ren:<\/p><p class=\"translation-block\">Browsertyp und -version<br>Verwendetes Betriebssystem<br>Referrer-URL<br>Hostname des zugreifenden Computers<br>Zeitpunkt der Serveranfrage<br>IP-Adresse<\/p><p>Diese Daten werden nicht mit anderen Datenquellen zusammengef\u00fchrt.<\/p><p>Die Erhebung dieser Daten erfolgt auf Grundlage von Artikel 6 Absatz 1 Buchstabe f DSGVO. Der Websitebetreiber hat ein berechtigtes Interesse an der technisch einwandfreien Darstellung und Optimierung seiner Website \u2013 die Server-Logdateien m\u00fcssen zu diesem Zweck erfasst werden.<\/p><h3>Meetergo<\/h3><p>Ich habe meetergo in diese Website eingebunden. Anbieter ist die meetergo GmbH, Hansaring 61, 50670 K\u00f6ln, Deutschland (nachfolgend meetergo). Meetergo bietet ein Online-Terminbuchungstool an. Wenn Sie online einen Termin bei mir buchen, werden Ihre eingegebenen Daten auf den Servern von meetergo in Deutschland gespeichert. Meetergo speichert zudem kurzzeitig Ihre IP-Adresse, die Referrer-URL und den Zeitpunkt des Zugriffs und kann so feststellen, dass Sie eine Anfrage an mich gestellt haben. Diese Daten werden ausschlie\u00dflich zur technischen Bereitstellung des Dienstes verwendet und anschlie\u00dfend automatisch gel\u00f6scht. Die Nutzung von meetergo erfolgt auf Grundlage von Art. 6 Abs. 1 Buchst. f DSGVO. Der Websitebetreiber hat ein berechtigtes Interesse daran, die Terminbuchung so einfach wie m\u00f6glich zu gestalten. Sofern eine entsprechende Einwilligung eingeholt wurde, erfolgt die Verarbeitung ausschlie\u00dflich auf Grundlage von Art. 6 Abs. 1 Buchst. a DSGVO oder Art. 9 Abs. 1 Buchst. a DSGVO; diese Einwilligung kann jederzeit widerrufen werden.<\/p><h3>Kontaktformular<\/h3><p>Wenn Sie uns Anfragen \u00fcber unser Kontaktformular senden, speichern wir die von Ihnen angegebenen Informationen, einschlie\u00dflich Ihrer Kontaktdaten, um Ihre Anfrage zu bearbeiten und eventuelle R\u00fcckfragen zu beantworten. Wir geben diese Daten nicht ohne Ihre Einwilligung weiter.<\/p><p>Diese Daten werden auf Grundlage von Art. 6 Abs. 1 lit. b DSGVO verarbeitet, sofern Ihre Anfrage die Erf\u00fcllung eines Vertrags betrifft oder f\u00fcr die Durchf\u00fchrung vorvertraglicher Ma\u00dfnahmen erforderlich ist. In allen anderen F\u00e4llen erfolgt die Verarbeitung aufgrund unseres berechtigten Interesses an der effektiven Bearbeitung der an uns gerichteten Anfragen (Art. 6 Abs. 1 lit. f DSGVO) oder aufgrund Ihrer Einwilligung (Art. 6 Abs. 1 lit. a DSGVO), sofern diese eingeholt wurde; Sie k\u00f6nnen Ihre Einwilligung jederzeit widerrufen.<\/p><p>Die von Ihnen im Kontaktformular eingegebenen Daten bleiben bei uns gespeichert, bis Sie deren L\u00f6schung beantragen, Ihre Einwilligung zur Speicherung widerrufen oder der Zweck der Datenspeicherung entf\u00e4llt (z. B. nach Bearbeitung Ihrer Anfrage). Gesetzliche Aufbewahrungspflichten bleiben hiervon unber\u00fchrt.<\/p><h3>Anfragen per E-Mail oder Telefon<\/h3><p>Wenn Sie uns per E-Mail oder Telefon kontaktieren, werden Ihre Anfrage und alle damit verbundenen personenbezogenen Daten (Name, Anfrage) von uns zum Zweck der Bearbeitung Ihrer Anfrage gespeichert und verarbeitet. Wir geben diese Daten nicht ohne Ihre Einwilligung weiter.<\/p><p>Die Verarbeitung dieser Daten erfolgt auf Grundlage von Art. 6 Abs. 1 lit. b DSGVO, sofern Ihre Anfrage die Erf\u00fcllung eines Vertrags betrifft oder f\u00fcr die Durchf\u00fchrung vorvertraglicher Ma\u00dfnahmen erforderlich ist. In allen anderen F\u00e4llen beruht die Verarbeitung auf unserem berechtigten Interesse an der effektiven Bearbeitung Ihrer Anfragen (Art. 6 Abs. 1 lit. f DSGVO) oder auf Ihrer Einwilligung (Art. 6 Abs. 1 lit. a DSGVO), sofern Sie diese erteilt haben. Sie k\u00f6nnen Ihre Einwilligung jederzeit widerrufen.<\/p><p>Die Daten, die Sie uns \u00fcber Kontaktanfragen \u00fcbermitteln, bleiben bei uns gespeichert, bis Sie deren L\u00f6schung beantragen, Ihre Einwilligung zur Speicherung widerrufen oder der Zweck der Datenspeicherung entf\u00e4llt (z. B. nach Bearbeitung Ihrer Anfrage). Gesetzliche Aufbewahrungspflichten bleiben hiervon unber\u00fchrt.<\/p>\t\t\t\t\t\t\t\t<\/div>\n\t\t\t\t\t<\/div>\n\t\t\t\t<\/div>\n\t\t\t\t<\/div>\n\t\t\t\t<\/div>","protected":false},"excerpt":{"rendered":"<p>Privacy Policy 1. Data Protection at a GlanceGeneral Information The following information provides a simple overview of what happens to your personal data when you visit this website. Personal data is any data that can be used to personally identify you. Detailed information on data protection can be found in our privacy policy below. Data [&hellip;]<\/p>\n","protected":false},"author":1,"featured_media":0,"parent":0,"menu_order":0,"comment_status":"closed","ping_status":"closed","template":"","meta":{"footnotes":""},"class_list":["post-2339","page","type-page","status-publish","hentry"],"_links":{"self":[{"href":"https:\/\/hd-design.at\/de\/wp-json\/wp\/v2\/pages\/2339","targetHints":{"allow":["GET"]}}],"collection":[{"href":"https:\/\/hd-design.at\/de\/wp-json\/wp\/v2\/pages"}],"about":[{"href":"https:\/\/hd-design.at\/de\/wp-json\/wp\/v2\/types\/page"}],"author":[{"embeddable":true,"href":"https:\/\/hd-design.at\/de\/wp-json\/wp\/v2\/users\/1"}],"replies":[{"embeddable":true,"href":"https:\/\/hd-design.at\/de\/wp-json\/wp\/v2\/comments?post=2339"}],"version-history":[{"count":19,"href":"https:\/\/hd-design.at\/de\/wp-json\/wp\/v2\/pages\/2339\/revisions"}],"predecessor-version":[{"id":2432,"href":"https:\/\/hd-design.at\/de\/wp-json\/wp\/v2\/pages\/2339\/revisions\/2432"}],"wp:attachment":[{"href":"https:\/\/hd-design.at\/de\/wp-json\/wp\/v2\/media?parent=2339"}],"curies":[{"name":"wp","href":"https:\/\/api.w.org\/{rel}","templated":true}]}}