{"id":2413,"date":"2026-03-06T13:33:02","date_gmt":"2026-03-06T13:33:02","guid":{"rendered":"https:\/\/hd-design.at\/?page_id=2413"},"modified":"2026-03-06T13:37:58","modified_gmt":"2026-03-06T13:37:58","slug":"imprint","status":"publish","type":"page","link":"https:\/\/hd-design.at\/de\/imprint\/","title":{"rendered":"Impressum"},"content":{"rendered":"<div data-elementor-type=\"wp-page\" data-elementor-id=\"2413\" class=\"elementor elementor-2413\">\n\t\t\t\t<div class=\"elementor-element elementor-element-b76a9c6 e-con-full e-flex tmpcoder-jarallax-no tmpcoder-parallax-no tmpcoder-particle-no tmpcoder-sticky-section-no e-con e-parent\" data-id=\"b76a9c6\" data-element_type=\"container\" data-e-type=\"container\">\n\t\t<div class=\"elementor-element elementor-element-389034b e-flex e-con-boxed tmpcoder-jarallax-no tmpcoder-parallax-no tmpcoder-particle-no tmpcoder-sticky-section-no e-con e-child\" data-id=\"389034b\" data-element_type=\"container\" data-e-type=\"container\">\n\t\t\t\t\t<div class=\"e-con-inner\">\n\t\t\t\t<div class=\"elementor-element elementor-element-a1647cb elementor-widget elementor-widget-heading\" data-id=\"a1647cb\" data-element_type=\"widget\" data-e-type=\"widget\" data-widget_type=\"heading.default\">\n\t\t\t\t\t<h2 class=\"elementor-heading-title elementor-size-default\">Impressum<\/h2>\t\t\t\t<\/div>\n\t\t\t\t<div class=\"elementor-element elementor-element-b0eed87 elementor-widget elementor-widget-text-editor\" data-id=\"b0eed87\" data-element_type=\"widget\" data-e-type=\"widget\" data-widget_type=\"text-editor.default\">\n\t\t\t\t\t\t\t\t\t<p>Transparenz und Zug\u00e4nglichkeit sind uns wichtig. Hier finden Sie alle notwendigen rechtlichen Informationen \u00fcber unsere Agentur.<\/p><h2>Adresse<\/h2><p class=\"translation-block\"><strong>HDdesign<\/strong><br><strong>Inhaberin: <\/strong>Hanna Dashchenko,<br>\u00d6sterreich, Wien 1190<br>Unterer Schreiberweg 27, Top 4<\/p><h2>Kontaktinformationen<\/h2><p><strong>Phone:<\/strong> +436765473434<br \/><strong>Email:<\/strong> info@hd-design.at<\/p><h2>Informationen gem\u00e4\u00df dem E-Commerce-Gesetz<\/h2><p>gem\u00e4\u00df \u00a7 5 E-Commerce-Gesetz, \u00a7 14 Gesellschaftsgesetzbuch und \u00a7 63 Gewerbegesetzbuch sowie Offenlegungspflicht nach \u00a7 25 Mediengesetz<\/p><h2>Art des Unternehmens<\/h2><p>Bereitstellung von IT-Dienstleistungen<\/p><p><strong>\u200d<\/strong>UBIT (Unternehmensberatung, Rechnungswesen und Informationstechnologie)<\/p><h2>Kammerzugeh\u00f6rigkeit<\/h2><p><strong>\u200d<\/strong><a href=\"https:\/\/www.wko.at\/\">WKO Wien<\/a><\/p><h2>Anwendbare Gesetzgebung<\/h2><p><strong>\u200d<\/strong>Handelsbestimmungen (<a href=\"http:\/\/www.ris.bka.gv.at\/\">www.ris.bka.gv.at<\/a>)<\/p><h2>Weitere Aufsichtsbeh\u00f6rde (gem\u00e4\u00df ECG)<\/h2><p>Magistratsbezirksb\u00fcro f\u00fcr den 3. Bezirk<\/p><h2>Verantwortlich f\u00fcr den Inhalt<\/h2><p class=\"translation-block\">Hanna Dashchenko,<br>\u00d6sterreich, Wien 1190<br>Unterer Schreiberweg 27, Top 4<\/p><h2>Streitbeilegung der EU<\/h2><p>Die Europ\u00e4ische Kommission stellt eine Plattform zur Online-Streitbeilegung (OS) bereit:\u00a0<a href=\"https:\/\/ec.europa.eu\/consumers\/odr\/\">https:\/\/ec.europa.eu\/consumers\/odr\/<\/a>Unsere E-Mail-Adresse finden Sie oben in den Kontaktinformationen.<\/p><h2>Verbraucherstreitbeilegungs-\/Universelles Schiedsgericht<\/h2><p>Wir sind weder bereit noch verpflichtet, an Streitbeilegungsverfahren vor einer Verbraucherschlichtungsstelle teilzunehmen.<\/p>\t\t\t\t\t\t\t\t<\/div>\n\t\t\t\t\t<\/div>\n\t\t\t\t<\/div>\n\t\t\t\t<\/div>\n\t\t\t\t<\/div>","protected":false},"excerpt":{"rendered":"<p>Legal notice Transparency and accessibility are important to us. Here you will find all the necessary legal information about our agency. Address HDdesignOwner: Hanna Dashchenko,Austria, Vienna 1190Unterer Schreiberweg 27, Top 4 Contact information Phone: +436765473434Email: info@hd-design.at Information in accordance with the E-Commerce Act acc. \u00a75 E-Commerce Act, \u00a714 Company Code and \u00a763 Industrial Code and [&hellip;]<\/p>\n","protected":false},"author":1,"featured_media":0,"parent":0,"menu_order":0,"comment_status":"closed","ping_status":"closed","template":"","meta":{"footnotes":""},"class_list":["post-2413","page","type-page","status-publish","hentry"],"_links":{"self":[{"href":"https:\/\/hd-design.at\/de\/wp-json\/wp\/v2\/pages\/2413","targetHints":{"allow":["GET"]}}],"collection":[{"href":"https:\/\/hd-design.at\/de\/wp-json\/wp\/v2\/pages"}],"about":[{"href":"https:\/\/hd-design.at\/de\/wp-json\/wp\/v2\/types\/page"}],"author":[{"embeddable":true,"href":"https:\/\/hd-design.at\/de\/wp-json\/wp\/v2\/users\/1"}],"replies":[{"embeddable":true,"href":"https:\/\/hd-design.at\/de\/wp-json\/wp\/v2\/comments?post=2413"}],"version-history":[{"count":4,"href":"https:\/\/hd-design.at\/de\/wp-json\/wp\/v2\/pages\/2413\/revisions"}],"predecessor-version":[{"id":2421,"href":"https:\/\/hd-design.at\/de\/wp-json\/wp\/v2\/pages\/2413\/revisions\/2421"}],"wp:attachment":[{"href":"https:\/\/hd-design.at\/de\/wp-json\/wp\/v2\/media?parent=2413"}],"curies":[{"name":"wp","href":"https:\/\/api.w.org\/{rel}","templated":true}]}}