{"id":2422,"date":"2026-03-06T13:46:10","date_gmt":"2026-03-06T13:46:10","guid":{"rendered":"https:\/\/hd-design.at\/?page_id=2422"},"modified":"2026-03-21T14:03:45","modified_gmt":"2026-03-21T14:03:45","slug":"cookie-policy","status":"publish","type":"page","link":"https:\/\/hd-design.at\/de\/cookie-policy\/","title":{"rendered":"Cookie-Richtlinie"},"content":{"rendered":"<div data-elementor-type=\"wp-page\" data-elementor-id=\"2422\" class=\"elementor elementor-2422\">\n\t\t\t\t<div class=\"elementor-element elementor-element-230d2a4 e-con-full e-flex tmpcoder-jarallax-no tmpcoder-parallax-no tmpcoder-particle-no tmpcoder-sticky-section-no e-con e-parent\" data-id=\"230d2a4\" data-element_type=\"container\" data-e-type=\"container\">\n\t\t<div class=\"elementor-element elementor-element-aab95cb e-flex e-con-boxed tmpcoder-jarallax-no tmpcoder-parallax-no tmpcoder-particle-no tmpcoder-sticky-section-no e-con e-child\" data-id=\"aab95cb\" data-element_type=\"container\" data-e-type=\"container\">\n\t\t\t\t\t<div class=\"e-con-inner\">\n\t\t\t\t<div class=\"elementor-element elementor-element-2e7e7a9 elementor-widget elementor-widget-heading\" data-id=\"2e7e7a9\" data-element_type=\"widget\" data-e-type=\"widget\" data-widget_type=\"heading.default\">\n\t\t\t\t\t<h2 class=\"elementor-heading-title elementor-size-default\">Cookie-Richtlinie<\/h2>\t\t\t\t<\/div>\n\t\t\t\t<div class=\"elementor-element elementor-element-4862d18 elementor-widget elementor-widget-text-editor\" data-id=\"4862d18\" data-element_type=\"widget\" data-e-type=\"widget\" data-widget_type=\"text-editor.default\">\n\t\t\t\t\t\t\t\t\t<h2>\u00dcber Cookies<\/h2><p><span data-cs-i18n-text=\"{&quot;en&quot;:&quot;Cookies are small text files that are placed on your computer by websites that you visit. Websites use cookies to help users navigate efficiently and perform certain functions. Cookies that are required for the website to operate properly are allowed to be set without your permission. All other cookies need to be approved before they can be set in the browser. &lt;br \\\/&gt;\\n&lt;br \\\/&gt;\\nYou can change your consent to cookie usage at any time on our Privacy Policy page.&quot;,&quot;de&quot;:&quot;Cookies sind kleine Textdateien, die auf deinem Computer abgelegt werden, wenn du bestimmte Websites besuchst. Websites verwenden Cookies, um Benutzern das Navigieren auf einer Website zu erleichtern und das Ausf\\u00fchren bestimmter Funktionen zu erm\\u00f6glichen. Cookies, die f\\u00fcr den ordnungsgem\\u00e4\\u00dfen Betrieb der Website erforderlich sind, d\\u00fcrfen ohne deine Einwilligung gesetzt werden. Allen anderen Cookies muss erst zugestimmt werden, bevor sie im Browser gesetzt werden k\\u00f6nnen.&lt;br \\\/&gt;\\r\\nDu kannst deine Einwilligung zur Verwendung von Cookies auf unserer Website jederzeit in der Datenschutzerkl\\u00e4rung \\u00e4ndern.&quot;}\">Cookies sind kleine Textdateien, die von besuchten Websites auf Ihrem Computer gespeichert werden. Websites verwenden Cookies, um die Navigation zu erleichtern und bestimmte Funktionen zu erm\u00f6glichen. Cookies, die f\u00fcr den ordnungsgem\u00e4\u00dfen Betrieb der Website erforderlich sind, d\u00fcrfen ohne Ihre Zustimmung gesetzt werden. Alle anderen Cookies m\u00fcssen vor dem Speichern im Browser genehmigt werden.<br \/><br \/>Sie k\u00f6nnen Ihre Einwilligung zur Verwendung von Cookies jederzeit auf unserer Seite \u201eDatenschutzbestimmungen\u201c \u00e4ndern.<\/span><\/p><div><span data-cs-i18n-text=\"{&quot;en&quot;:&quot;We also use cookies to collect data for the purpose of personalizing and measuring the effectiveness of our advertising. For more details, visit the &lt;a href=&amp;#39;https:\\\/\\\/business.safety.google\\\/privacy\\\/&amp;#39; target=&amp;#39;_blank&amp;#39;&gt;Google Privacy Policy&lt;\\\/a&gt;.&quot;,&quot;de&quot;:&quot;We also use cookies to collect data for the purpose of personalizing and measuring the effectiveness of our advertising. For more details, visit the &lt;a href=\\&quot;https:\\\/\\\/business.safety.google\\\/privacy\\\/\\&quot; target=\\&quot;_blank\\&quot;&gt;Google Privacy Policy&lt;\\\/a&gt;.&quot;}\">Wir verwenden au\u00dferdem Cookies, um Daten zum Zweck der Personalisierung und Messung der Effektivit\u00e4t unserer Werbung zu erfassen. Weitere Informationen finden Sie unter\u00a0<a href=\"https:\/\/business.safety.google\/privacy\/\" target=\"_blank\" rel=\"noopener\">Google Privacy Policy<\/a>.<\/span><\/div>\t\t\t\t\t\t\t\t<\/div>\n\t\t\t\t\t<\/div>\n\t\t\t\t<\/div>\n\t\t\t\t<\/div>\n\t\t\t\t<\/div>","protected":false},"excerpt":{"rendered":"<p>Cookie Policy About cookies Cookies are small text files that are placed on your computer by websites that you visit. Websites use cookies to help users navigate efficiently and perform certain functions. Cookies that are required for the website to operate properly are allowed to be set without your permission. All other cookies need to [&hellip;]<\/p>\n","protected":false},"author":1,"featured_media":0,"parent":0,"menu_order":0,"comment_status":"closed","ping_status":"closed","template":"","meta":{"footnotes":""},"class_list":["post-2422","page","type-page","status-publish","hentry"],"_links":{"self":[{"href":"https:\/\/hd-design.at\/de\/wp-json\/wp\/v2\/pages\/2422","targetHints":{"allow":["GET"]}}],"collection":[{"href":"https:\/\/hd-design.at\/de\/wp-json\/wp\/v2\/pages"}],"about":[{"href":"https:\/\/hd-design.at\/de\/wp-json\/wp\/v2\/types\/page"}],"author":[{"embeddable":true,"href":"https:\/\/hd-design.at\/de\/wp-json\/wp\/v2\/users\/1"}],"replies":[{"embeddable":true,"href":"https:\/\/hd-design.at\/de\/wp-json\/wp\/v2\/comments?post=2422"}],"version-history":[{"count":13,"href":"https:\/\/hd-design.at\/de\/wp-json\/wp\/v2\/pages\/2422\/revisions"}],"predecessor-version":[{"id":2477,"href":"https:\/\/hd-design.at\/de\/wp-json\/wp\/v2\/pages\/2422\/revisions\/2477"}],"wp:attachment":[{"href":"https:\/\/hd-design.at\/de\/wp-json\/wp\/v2\/media?parent=2422"}],"curies":[{"name":"wp","href":"https:\/\/api.w.org\/{rel}","templated":true}]}}